{"id":2811,"date":"2025-08-04T17:31:23","date_gmt":"2025-08-04T23:31:23","guid":{"rendered":"https:\/\/laherenciasantacruz.com\/?page_id=2811"},"modified":"2025-08-05T19:22:12","modified_gmt":"2025-08-06T01:22:12","slug":"tyc","status":"publish","type":"page","link":"https:\/\/laherenciasantacruz.com\/en\/tyc\/","title":{"rendered":"T\u00e9rminos y Condiciones"},"content":{"rendered":"<style>.elementor-2811 .elementor-element.elementor-element-c8e5ebd > .elementor-container{max-width:1170px;}.elementor-2811 .elementor-element.elementor-element-c8e5ebd:not(.elementor-motion-effects-element-type-background), .elementor-2811 .elementor-element.elementor-element-c8e5ebd > .elementor-motion-effects-container > .elementor-motion-effects-layer{background-color:var( --e-global-color-primary );}.elementor-2811 .elementor-element.elementor-element-c8e5ebd > .elementor-background-overlay{opacity:1;transition:background 0.3s, border-radius 0.3s, opacity 0.3s;}.elementor-2811 .elementor-element.elementor-element-c8e5ebd{transition:background 0.3s, border 0.3s, border-radius 0.3s, box-shadow 0.3s;margin-top:-145px;margin-bottom:0px;padding:150px 0px 140px 0px;z-index:0;overflow:visible;}.elementor-2811 .elementor-element.elementor-element-0fb7741{--wcf-duration:1000ms;--wcf-delay:0ms;--wcf-ease:ease;text-align:center;}.elementor-2811 .elementor-element.elementor-element-0fb7741 .elementor-heading-title{font-family:var( --e-global-typography-8faade7-font-family ), Sans-serif;font-size:var( --e-global-typography-8faade7-font-size );font-weight:var( --e-global-typography-8faade7-font-weight );text-transform:var( --e-global-typography-8faade7-text-transform );font-style:var( --e-global-typography-8faade7-font-style );text-decoration:var( --e-global-typography-8faade7-text-decoration );line-height:var( --e-global-typography-8faade7-line-height );letter-spacing:var( --e-global-typography-8faade7-letter-spacing );word-spacing:var( --e-global-typography-8faade7-word-spacing );color:var( --e-global-color-e5c8540 );}.elementor-2811 .elementor-element.elementor-element-a15b3f4{--display:flex;--flex-direction:column;--container-widget-width:100%;--container-widget-height:initial;--container-widget-flex-grow:0;--container-widget-align-self:initial;--flex-wrap-mobile:wrap;overflow:visible;}.elementor-2811 .elementor-element.elementor-element-189f25d{--display:flex;--flex-direction:column;--container-widget-width:100%;--container-widget-height:initial;--container-widget-flex-grow:0;--container-widget-align-self:initial;--flex-wrap-mobile:wrap;--justify-content:space-evenly;overflow:visible;}.elementor-2811 .elementor-element.elementor-element-a84889a{--display:flex;--flex-direction:row;--container-widget-width:initial;--container-widget-height:100%;--container-widget-flex-grow:1;--container-widget-align-self:stretch;--flex-wrap-mobile:wrap;--gap:0px 0px;--row-gap:0px;--column-gap:0px;--flex-wrap:wrap;overflow:visible;}.elementor-2811 .elementor-element.elementor-element-2eb0db1{--display:flex;--flex-direction:column;--container-widget-width:100%;--container-widget-height:initial;--container-widget-flex-grow:0;--container-widget-align-self:initial;--flex-wrap-mobile:wrap;overflow:visible;}.elementor-2811 .elementor-element.elementor-element-2eb0db1.e-con{--flex-grow:0;--flex-shrink:0;}.elementor-2811 .elementor-element.elementor-element-cc03d8f{--wcf-duration:1000ms;--wcf-delay:0ms;--wcf-ease:ease;text-align:justify;}.elementor-2811 .elementor-element.elementor-element-4ed3e9a{--display:flex;--flex-direction:column;--container-widget-width:100%;--container-widget-height:initial;--container-widget-flex-grow:0;--container-widget-align-self:initial;--flex-wrap-mobile:wrap;overflow:visible;}.elementor-2811 .elementor-element.elementor-element-69c227c{--wcf-duration:1000ms;--wcf-delay:0ms;--wcf-ease:ease;text-align:justify;}.elementor-2811 .elementor-element.elementor-element-24e8b75{--display:flex;--flex-direction:row;--container-widget-width:initial;--container-widget-height:100%;--container-widget-flex-grow:1;--container-widget-align-self:stretch;--flex-wrap-mobile:wrap;--gap:0px 0px;--row-gap:0px;--column-gap:0px;--flex-wrap:wrap;overflow:visible;}.elementor-2811 .elementor-element.elementor-element-a32e6e3{--display:flex;--flex-direction:column;--container-widget-width:100%;--container-widget-height:initial;--container-widget-flex-grow:0;--container-widget-align-self:initial;--flex-wrap-mobile:wrap;overflow:visible;}.elementor-2811 .elementor-element.elementor-element-a32e6e3.e-con{--flex-grow:0;--flex-shrink:0;}.elementor-2811 .elementor-element.elementor-element-ac8aca5{--wcf-duration:1000ms;--wcf-delay:0ms;--wcf-ease:ease;text-align:justify;}.elementor-2811 .elementor-element.elementor-element-1639b55{--display:flex;--flex-direction:column;--container-widget-width:100%;--container-widget-height:initial;--container-widget-flex-grow:0;--container-widget-align-self:initial;--flex-wrap-mobile:wrap;overflow:visible;}.elementor-2811 .elementor-element.elementor-element-e22fb8e{--wcf-duration:1000ms;--wcf-delay:0ms;--wcf-ease:ease;text-align:justify;}.elementor-2811 .elementor-element.elementor-element-c465da9{--display:flex;--flex-direction:row;--container-widget-width:initial;--container-widget-height:100%;--container-widget-flex-grow:1;--container-widget-align-self:stretch;--flex-wrap-mobile:wrap;--gap:0px 0px;--row-gap:0px;--column-gap:0px;--flex-wrap:wrap;overflow:visible;}.elementor-2811 .elementor-element.elementor-element-87cca3e{--display:flex;--flex-direction:column;--container-widget-width:100%;--container-widget-height:initial;--container-widget-flex-grow:0;--container-widget-align-self:initial;--flex-wrap-mobile:wrap;overflow:visible;}.elementor-2811 .elementor-element.elementor-element-87cca3e.e-con{--flex-grow:0;--flex-shrink:0;}.elementor-2811 .elementor-element.elementor-element-560de46{--display:flex;--flex-direction:column;--container-widget-width:100%;--container-widget-height:initial;--container-widget-flex-grow:0;--container-widget-align-self:initial;--flex-wrap-mobile:wrap;overflow:visible;}.elementor-2811 .elementor-element.elementor-element-1e09196{--wcf-duration:1000ms;--wcf-delay:0ms;--wcf-ease:ease;text-align:justify;}.elementor-2811 .elementor-element.elementor-element-25f492c{--n-tabs-direction:row;--n-tabs-heading-direction:column;--n-tabs-heading-width:50%;--n-tabs-title-flex-basis:initial;--n-tabs-title-flex-shrink:initial;--n-tabs-title-justify-content:center;--n-tabs-title-align-items:center;--n-tabs-title-text-align:center;--n-tabs-icon-gap:81px;}.elementor-2811 .elementor-element.elementor-element-25f492c.elementor-widget-n-tabs > .elementor-widget-container > .e-n-tabs > .e-n-tabs-heading > .e-n-tab-title[aria-selected=\"false\"]:not( :hover ){border-style:none;}.elementor-2811 .elementor-element.elementor-element-25f492c.elementor-widget-n-tabs > .elementor-widget-container > .e-n-tabs > .e-n-tabs-heading > .e-n-tab-title[aria-selected=\"false\"]:not( :hover ) :is( span, a, i ){-webkit-text-stroke-color:#000;stroke:#000;}.elementor-2811 .elementor-element.elementor-element-3f3cb76{--display:flex;--flex-direction:column;--container-widget-width:100%;--container-widget-height:initial;--container-widget-flex-grow:0;--container-widget-align-self:initial;--flex-wrap-mobile:wrap;overflow:visible;}:root{--page-title-display:none;}@media(min-width:768px){.elementor-2811 .elementor-element.elementor-element-189f25d{--content-width:1280px;}.elementor-2811 .elementor-element.elementor-element-2eb0db1{--width:96.721%;}.elementor-2811 .elementor-element.elementor-element-4ed3e9a{--width:100%;}.elementor-2811 .elementor-element.elementor-element-a32e6e3{--width:98.033%;}.elementor-2811 .elementor-element.elementor-element-1639b55{--width:100%;}.elementor-2811 .elementor-element.elementor-element-87cca3e{--width:96.719%;}.elementor-2811 .elementor-element.elementor-element-560de46{--width:100%;}}@media(max-width:1024px){.elementor-2811 .elementor-element.elementor-element-c8e5ebd{margin-top:-170px;margin-bottom:0px;padding:170px 10px 70px 10px;}.elementor-2811 .elementor-element.elementor-element-0fb7741 .elementor-heading-title{font-size:var( --e-global-typography-8faade7-font-size );line-height:var( --e-global-typography-8faade7-line-height );letter-spacing:var( --e-global-typography-8faade7-letter-spacing );word-spacing:var( --e-global-typography-8faade7-word-spacing );}}@media(max-width:767px){.elementor-2811 .elementor-element.elementor-element-c8e5ebd{margin-top:-100px;margin-bottom:0px;padding:100px 10px 50px 10px;}.elementor-2811 .elementor-element.elementor-element-0fb7741 .elementor-heading-title{font-size:var( --e-global-typography-8faade7-font-size );line-height:var( --e-global-typography-8faade7-line-height );letter-spacing:var( --e-global-typography-8faade7-letter-spacing );word-spacing:var( --e-global-typography-8faade7-word-spacing );}.elementor-2811 .elementor-element.elementor-element-25f492c.elementor-widget-n-tabs > .elementor-widget-container > .e-n-tabs > .e-n-tabs-heading > :is( .e-n-tab-title > .e-n-tab-title-text, .e-n-tab-title ){line-height:1.5em;}.elementor-2811 .elementor-element.elementor-element-25f492c.elementor-widget-n-tabs > .elementor-widget-container > .e-n-tabs > .e-n-tabs-heading > .e-n-tab-title[aria-selected=\"false\"]:not( :hover ) :is( span, a, i ){-webkit-text-stroke-width:0px;stroke-width:0px;}}<\/style>\t\t<div data-elementor-type=\"wp-page\" data-elementor-id=\"2811\" class=\"elementor elementor-2811\" data-elementor-post-type=\"page\">\n\t\t\t\t\t\t<section class=\"elementor-section elementor-top-section elementor-element elementor-element-c8e5ebd elementor-section-boxed elementor-section-height-default elementor-section-height-default\" data-id=\"c8e5ebd\" data-element_type=\"section\" data-e-type=\"section\" data-settings=\"{&quot;background_background&quot;:&quot;classic&quot;,&quot;ekit_has_onepagescroll_dot&quot;:&quot;yes&quot;}\">\n\t\t\t\t\t\t\t<div class=\"elementor-background-overlay\"><\/div>\n\t\t\t\t\t\t\t<div class=\"elementor-container elementor-column-gap-default\">\n\t\t\t\t\t<div class=\"elementor-column elementor-col-100 elementor-top-column elementor-element elementor-element-cf1fcb1\" data-id=\"cf1fcb1\" data-element_type=\"column\" data-e-type=\"column\">\n\t\t\t<div class=\"elementor-widget-wrap elementor-element-populated\">\n\t\t\t\t\t\t<div class=\"elementor-element elementor-element-0fb7741 wcf-starter-animations-none elementor-widget elementor-widget-heading\" data-id=\"0fb7741\" data-element_type=\"widget\" data-e-type=\"widget\" data-settings=\"{&quot;wcf_starter_animations&quot;:&quot;none&quot;,&quot;wcf_anim_duration&quot;:1000,&quot;wcf_anim_delay&quot;:0,&quot;wcf_anim_ease&quot;:&quot;ease&quot;,&quot;ekit_we_effect_on&quot;:&quot;none&quot;}\" data-widget_type=\"heading.default\">\n\t\t\t\t<div class=\"elementor-widget-container\">\n\t\t\t\t\t<h2 class=\"elementor-heading-title elementor-size-default\">T\u00c9RMINOS Y CONDICIONES<\/h2>\t\t\t\t<\/div>\n\t\t\t\t<\/div>\n\t\t\t\t\t<\/div>\n\t\t<\/div>\n\t\t\t\t\t<\/div>\n\t\t<\/section>\n\t\t<div class=\"elementor-element elementor-element-a15b3f4 e-flex e-con-boxed wcf-starter-animations-none e-con e-parent\" data-id=\"a15b3f4\" data-element_type=\"container\" data-e-type=\"container\" data-settings=\"{&quot;ekit_has_onepagescroll_dot&quot;:&quot;yes&quot;}\">\n\t\t\t\t\t<div class=\"e-con-inner\">\n\t\t\t\t\t<\/div>\n\t\t\t\t<\/div>\n\t\t<div class=\"elementor-element elementor-element-189f25d e-flex e-con-boxed wcf-starter-animations-none e-con e-parent\" data-id=\"189f25d\" data-element_type=\"container\" data-e-type=\"container\" data-settings=\"{&quot;ekit_has_onepagescroll_dot&quot;:&quot;yes&quot;}\">\n\t\t\t\t\t<div class=\"e-con-inner\">\n\t\t\t\t<div class=\"elementor-element elementor-element-25f492c e-n-tabs-mobile elementor-widget elementor-widget-n-tabs\" data-id=\"25f492c\" data-element_type=\"widget\" data-e-type=\"widget\" data-settings=\"{&quot;ekit_we_effect_on&quot;:&quot;none&quot;}\" data-widget_type=\"nested-tabs.default\">\n\t\t\t\t<div class=\"elementor-widget-container\">\n\t\t\t\t\t\t\t<div class=\"e-n-tabs\" data-widget-number=\"39799084\" aria-label=\"Pesta\u00f1as. Abre elementos con Intro o Espacio, ci\u00e9rralos con Escape y navega con las fechas.\">\n\t\t\t<div class=\"e-n-tabs-heading\" role=\"tablist\">\n\t\t\t\t\t<button id=\"e-n-tab-title-397990841\" data-tab-title-id=\"e-n-tab-title-397990841\" class=\"e-n-tab-title\" aria-selected=\"true\" data-tab-index=\"1\" role=\"tab\" tabindex=\"0\" aria-controls=\"e-n-tab-content-397990841\" style=\"--n-tabs-title-order: 1;\">\n\t\t\t\t\t\t<span class=\"e-n-tab-title-text\">\n\t\t\t\tNOM 247\t\t\t<\/span>\n\t\t<\/button>\n\t\t\t\t<button id=\"e-n-tab-title-397990842\" data-tab-title-id=\"e-n-tab-title-397990842\" class=\"e-n-tab-title\" aria-selected=\"false\" data-tab-index=\"2\" role=\"tab\" tabindex=\"-1\" aria-controls=\"e-n-tab-content-397990842\" style=\"--n-tabs-title-order: 2;\">\n\t\t\t\t\t\t<span class=\"e-n-tab-title-text\">\n\t\t\t\tAviso Legal sobre el Modelo de Inversi\u00f3n\t\t\t<\/span>\n\t\t<\/button>\n\t\t\t\t<button id=\"e-n-tab-title-397990843\" data-tab-title-id=\"e-n-tab-title-397990843\" class=\"e-n-tab-title\" aria-selected=\"false\" data-tab-index=\"3\" role=\"tab\" tabindex=\"-1\" aria-controls=\"e-n-tab-content-397990843\" style=\"--n-tabs-title-order: 3;\">\n\t\t\t\t\t\t<span class=\"e-n-tab-title-text\">\n\t\t\t\tLimitaci\u00f3n de responsabilidad\t\t\t<\/span>\n\t\t<\/button>\n\t\t\t\t\t<\/div>\n\t\t\t<div class=\"e-n-tabs-content\">\n\t\t\t\t<div id=\"e-n-tab-content-397990841\" role=\"tabpanel\" aria-labelledby=\"e-n-tab-title-397990841\" data-tab-index=\"1\" style=\"--n-tabs-title-order: 1;\" class=\"e-active elementor-element elementor-element-a84889a e-con-full e-flex wcf-starter-animations-none e-con e-child\" data-id=\"a84889a\" data-element_type=\"container\" data-e-type=\"container\" data-settings=\"{&quot;ekit_has_onepagescroll_dot&quot;:&quot;yes&quot;}\">\n\t\t<div class=\"elementor-element elementor-element-2eb0db1 e-con-full e-flex wcf-starter-animations-none e-con e-child\" data-id=\"2eb0db1\" data-element_type=\"container\" data-e-type=\"container\" data-settings=\"{&quot;ekit_has_onepagescroll_dot&quot;:&quot;yes&quot;}\">\n\t\t\t\t<div class=\"elementor-element elementor-element-cc03d8f wcf-starter-animations-none elementor-widget elementor-widget-heading\" data-id=\"cc03d8f\" data-element_type=\"widget\" data-e-type=\"widget\" data-settings=\"{&quot;wcf_starter_animations&quot;:&quot;none&quot;,&quot;wcf_anim_duration&quot;:1000,&quot;wcf_anim_delay&quot;:0,&quot;wcf_anim_ease&quot;:&quot;ease&quot;,&quot;ekit_we_effect_on&quot;:&quot;none&quot;}\" data-widget_type=\"heading.default\">\n\t\t\t\t<div class=\"elementor-widget-container\">\n\t\t\t\t\t<h6 class=\"elementor-heading-title elementor-size-default\">De conformidad con la Norma Oficial Mexicana NOM-247-SE-2021, Pr\u00e1cticas comerciales\u2013Requisitos de informaci\u00f3n comercial y publicidad sobre bienes inmuebles destinados a casa habitaci\u00f3n, Grupo Empresarial Firme informa que:<\/h6>\t\t\t\t<\/div>\n\t\t\t\t<\/div>\n\t\t\t\t<\/div>\n\t\t<div class=\"elementor-element elementor-element-4ed3e9a e-con-full e-flex wcf-starter-animations-none e-con e-child\" data-id=\"4ed3e9a\" data-element_type=\"container\" data-e-type=\"container\" data-settings=\"{&quot;ekit_has_onepagescroll_dot&quot;:&quot;yes&quot;}\">\n\t\t\t\t<div class=\"elementor-element elementor-element-69c227c wcf-starter-animations-none elementor-widget elementor-widget-text-editor\" data-id=\"69c227c\" data-element_type=\"widget\" data-e-type=\"widget\" data-settings=\"{&quot;wcf_starter_animations&quot;:&quot;none&quot;,&quot;wcf_anim_duration&quot;:1000,&quot;wcf_anim_delay&quot;:0,&quot;wcf_anim_ease&quot;:&quot;ease&quot;,&quot;ekit_we_effect_on&quot;:&quot;none&quot;}\" data-widget_type=\"text-editor.default\">\n\t\t\t\t<div class=\"elementor-widget-container\">\n\t\t\t\t\t\t\t\t\t<ul><li>Toda la informaci\u00f3n presentada en este sitio web corresponde a un desarrollo en etapa de preventa.<\/li><li>Las im\u00e1genes, renders, planos y descripciones son de car\u00e1cter ilustrativo y pueden estar sujetas a cambios durante el proceso de dise\u00f1o y ejecuci\u00f3n del proyecto.<\/li><li>Los precios y condiciones de venta pueden variar sin previo aviso y est\u00e1n sujetos a disponibilidad.<\/li><li>La oferta comercial no implica una obligaci\u00f3n inmediata de venta ni constituye un contrato vinculante.<\/li><li>El proyecto cuenta con documentaci\u00f3n legal y t\u00e9cnica que puede ser consultada por el cliente interesado mediante solicitud expresa.<\/li><\/ul>\t\t\t\t\t\t\t\t<\/div>\n\t\t\t\t<\/div>\n\t\t\t\t<\/div>\n\t\t\t\t<\/div>\n\t\t<div id=\"e-n-tab-content-397990842\" role=\"tabpanel\" aria-labelledby=\"e-n-tab-title-397990842\" data-tab-index=\"2\" style=\"--n-tabs-title-order: 2;\" class=\" elementor-element elementor-element-24e8b75 e-con-full e-flex wcf-starter-animations-none e-con e-child\" data-id=\"24e8b75\" data-element_type=\"container\" data-e-type=\"container\" data-settings=\"{&quot;ekit_has_onepagescroll_dot&quot;:&quot;yes&quot;}\">\n\t\t<div class=\"elementor-element elementor-element-a32e6e3 e-con-full e-flex wcf-starter-animations-none e-con e-child\" data-id=\"a32e6e3\" data-element_type=\"container\" data-e-type=\"container\" data-settings=\"{&quot;ekit_has_onepagescroll_dot&quot;:&quot;yes&quot;}\">\n\t\t\t\t<div class=\"elementor-element elementor-element-ac8aca5 wcf-starter-animations-none elementor-widget elementor-widget-heading\" data-id=\"ac8aca5\" data-element_type=\"widget\" data-e-type=\"widget\" data-settings=\"{&quot;wcf_starter_animations&quot;:&quot;none&quot;,&quot;wcf_anim_duration&quot;:1000,&quot;wcf_anim_delay&quot;:0,&quot;wcf_anim_ease&quot;:&quot;ease&quot;,&quot;ekit_we_effect_on&quot;:&quot;none&quot;}\" data-widget_type=\"heading.default\">\n\t\t\t\t<div class=\"elementor-widget-container\">\n\t\t\t\t\t<h6 class=\"elementor-heading-title elementor-size-default\">El modelo de inversi\u00f3n presentado en este sitio web tiene como prop\u00f3sito brindar una alternativa de participaci\u00f3n patrimonial en etapa de preventa, bajo un esquema privado entre las partes interesadas.<\/h6>\t\t\t\t<\/div>\n\t\t\t\t<\/div>\n\t\t\t\t<\/div>\n\t\t<div class=\"elementor-element elementor-element-1639b55 e-con-full e-flex wcf-starter-animations-none e-con e-child\" data-id=\"1639b55\" data-element_type=\"container\" data-e-type=\"container\" data-settings=\"{&quot;ekit_has_onepagescroll_dot&quot;:&quot;yes&quot;}\">\n\t\t\t\t<div class=\"elementor-element elementor-element-e22fb8e wcf-starter-animations-none elementor-widget elementor-widget-text-editor\" data-id=\"e22fb8e\" data-element_type=\"widget\" data-e-type=\"widget\" data-settings=\"{&quot;wcf_starter_animations&quot;:&quot;none&quot;,&quot;wcf_anim_duration&quot;:1000,&quot;wcf_anim_delay&quot;:0,&quot;wcf_anim_ease&quot;:&quot;ease&quot;,&quot;ekit_we_effect_on&quot;:&quot;none&quot;}\" data-widget_type=\"text-editor.default\">\n\t\t\t\t<div class=\"elementor-widget-container\">\n\t\t\t\t\t\t\t\t\t<p style=\"text-align: center;\"><strong>IMPORTANTE:<\/strong><\/p><ul><li>Los rendimientos mensuales anunciados corresponden a un escenario proyectado, y est\u00e1n sujetos al cumplimiento de las condiciones establecidas en el contrato correspondiente.<\/li><li>Los pagos del inversionista est\u00e1n enlazados al avance de obra, conforme al cronograma t\u00e9cnico y financiero aprobado por el desarrollador.<\/li><li>Esta propuesta no constituye una oferta p\u00fablica, ni representa un instrumento financiero regulado por la CNBV o por la Ley del Mercado de Valores.<\/li><li>Las condiciones de participaci\u00f3n est\u00e1n estipuladas en un contrato privado entre las partes.<\/li><li>El rendimiento mensual anunciado es una proyecci\u00f3n sujeta a cumplimiento de condiciones contractuales espec\u00edficas.<\/li><\/ul>\t\t\t\t\t\t\t\t<\/div>\n\t\t\t\t<\/div>\n\t\t\t\t<\/div>\n\t\t\t\t<\/div>\n\t\t<div id=\"e-n-tab-content-397990843\" role=\"tabpanel\" aria-labelledby=\"e-n-tab-title-397990843\" data-tab-index=\"3\" style=\"--n-tabs-title-order: 3;\" class=\" elementor-element elementor-element-c465da9 e-con-full e-flex wcf-starter-animations-none e-con e-child\" data-id=\"c465da9\" data-element_type=\"container\" data-e-type=\"container\" data-settings=\"{&quot;ekit_has_onepagescroll_dot&quot;:&quot;yes&quot;}\">\n\t\t<div class=\"elementor-element elementor-element-87cca3e e-con-full e-flex wcf-starter-animations-none e-con e-child\" data-id=\"87cca3e\" data-element_type=\"container\" data-e-type=\"container\" data-settings=\"{&quot;ekit_has_onepagescroll_dot&quot;:&quot;yes&quot;}\">\n\t\t\t\t<\/div>\n\t\t<div class=\"elementor-element elementor-element-560de46 e-con-full e-flex wcf-starter-animations-none e-con e-child\" data-id=\"560de46\" data-element_type=\"container\" data-e-type=\"container\" data-settings=\"{&quot;ekit_has_onepagescroll_dot&quot;:&quot;yes&quot;}\">\n\t\t\t\t<div class=\"elementor-element elementor-element-1e09196 wcf-starter-animations-none elementor-widget elementor-widget-text-editor\" data-id=\"1e09196\" data-element_type=\"widget\" data-e-type=\"widget\" data-settings=\"{&quot;wcf_starter_animations&quot;:&quot;none&quot;,&quot;wcf_anim_duration&quot;:1000,&quot;wcf_anim_delay&quot;:0,&quot;wcf_anim_ease&quot;:&quot;ease&quot;,&quot;ekit_we_effect_on&quot;:&quot;none&quot;}\" data-widget_type=\"text-editor.default\">\n\t\t\t\t<div class=\"elementor-widget-container\">\n\t\t\t\t\t\t\t\t\t<ul><li>Grupo Empresarial Firme se reserva el derecho de actualizar, modificar o cancelar sin previo aviso cualquier contenido de este sitio, as\u00ed como los t\u00e9rminos aqu\u00ed expuestos.<\/li><li>La navegaci\u00f3n en este sitio no genera una relaci\u00f3n contractual directa con el desarrollador, salvo que se formalice mediante un contrato de compraventa o de inversi\u00f3n particular.<\/li><\/ul>\t\t\t\t\t\t\t\t<\/div>\n\t\t\t\t<\/div>\n\t\t\t\t<\/div>\n\t\t\t\t<\/div>\n\t\t\t\t\t<\/div>\n\t\t<\/div>\n\t\t\t\t\t\t<\/div>\n\t\t\t\t<\/div>\n\t\t\t\t\t<\/div>\n\t\t\t\t<\/div>\n\t\t<div class=\"elementor-element elementor-element-3f3cb76 e-flex e-con-boxed wcf-starter-animations-none e-con e-parent\" data-id=\"3f3cb76\" data-element_type=\"container\" data-e-type=\"container\" data-settings=\"{&quot;ekit_has_onepagescroll_dot&quot;:&quot;yes&quot;}\">\n\t\t\t\t\t<div class=\"e-con-inner\">\n\t\t\t\t\t<\/div>\n\t\t\t\t<\/div>\n\t\t\t\t<\/div>\n\t\t","protected":false},"excerpt":{"rendered":"<p>T\u00c9RMINOS Y CONDICIONES NOM 247 Aviso Legal sobre el Modelo de Inversi\u00f3n Limitaci\u00f3n de responsabilidad De conformidad con la Norma Oficial Mexicana NOM-247-SE-2021, Pr\u00e1cticas comerciales\u2013Requisitos de informaci\u00f3n comercial y publicidad sobre bienes inmuebles destinados a casa habitaci\u00f3n, Grupo Empresarial Firme informa que: Toda la informaci\u00f3n presentada en este sitio web corresponde a un desarrollo en [&hellip;]<\/p>\n","protected":false},"author":1,"featured_media":0,"parent":0,"menu_order":0,"comment_status":"closed","ping_status":"closed","template":"","meta":{"footnotes":""},"class_list":["post-2811","page","type-page","status-publish","hentry"],"_links":{"self":[{"href":"https:\/\/laherenciasantacruz.com\/en\/wp-json\/wp\/v2\/pages\/2811","targetHints":{"allow":["GET"]}}],"collection":[{"href":"https:\/\/laherenciasantacruz.com\/en\/wp-json\/wp\/v2\/pages"}],"about":[{"href":"https:\/\/laherenciasantacruz.com\/en\/wp-json\/wp\/v2\/types\/page"}],"author":[{"embeddable":true,"href":"https:\/\/laherenciasantacruz.com\/en\/wp-json\/wp\/v2\/users\/1"}],"replies":[{"embeddable":true,"href":"https:\/\/laherenciasantacruz.com\/en\/wp-json\/wp\/v2\/comments?post=2811"}],"version-history":[{"count":40,"href":"https:\/\/laherenciasantacruz.com\/en\/wp-json\/wp\/v2\/pages\/2811\/revisions"}],"predecessor-version":[{"id":2861,"href":"https:\/\/laherenciasantacruz.com\/en\/wp-json\/wp\/v2\/pages\/2811\/revisions\/2861"}],"wp:attachment":[{"href":"https:\/\/laherenciasantacruz.com\/en\/wp-json\/wp\/v2\/media?parent=2811"}],"curies":[{"name":"wp","href":"https:\/\/api.w.org\/{rel}","templated":true}]}}