{"id":2077,"date":"2024-09-25T15:46:30","date_gmt":"2024-09-25T21:46:30","guid":{"rendered":"https:\/\/laherenciasantacruz.com\/?page_id=2077"},"modified":"2025-11-19T17:31:13","modified_gmt":"2025-11-19T23:31:13","slug":"firme","status":"publish","type":"page","link":"https:\/\/laherenciasantacruz.com\/en\/firme\/","title":{"rendered":"Firme"},"content":{"rendered":"<style>.elementor-2077 .elementor-element.elementor-element-c8e5ebd > .elementor-container{max-width:1170px;}.elementor-2077 .elementor-element.elementor-element-c8e5ebd:not(.elementor-motion-effects-element-type-background), .elementor-2077 .elementor-element.elementor-element-c8e5ebd > .elementor-motion-effects-container > .elementor-motion-effects-layer{background-color:var( --e-global-color-primary );}.elementor-2077 .elementor-element.elementor-element-c8e5ebd > .elementor-background-overlay{opacity:1;transition:background 0.3s, border-radius 0.3s, opacity 0.3s;}.elementor-2077 .elementor-element.elementor-element-c8e5ebd{transition:background 0.3s, border 0.3s, border-radius 0.3s, box-shadow 0.3s;margin-top:-145px;margin-bottom:0px;padding:150px 0px 140px 0px;z-index:0;overflow:visible;}.elementor-2077 .elementor-element.elementor-element-0fb7741{--wcf-duration:1000ms;--wcf-delay:0ms;--wcf-ease:ease;text-align:center;}.elementor-2077 .elementor-element.elementor-element-0fb7741 .elementor-heading-title{font-family:var( --e-global-typography-8faade7-font-family ), Sans-serif;font-size:var( --e-global-typography-8faade7-font-size );font-weight:var( --e-global-typography-8faade7-font-weight );text-transform:var( --e-global-typography-8faade7-text-transform );font-style:var( --e-global-typography-8faade7-font-style );text-decoration:var( --e-global-typography-8faade7-text-decoration );line-height:var( --e-global-typography-8faade7-line-height );letter-spacing:var( --e-global-typography-8faade7-letter-spacing );word-spacing:var( --e-global-typography-8faade7-word-spacing );color:var( --e-global-color-e5c8540 );}.elementor-2077 .elementor-element.elementor-element-1ade44d > .elementor-container{max-width:1200px;}.elementor-2077 .elementor-element.elementor-element-1ade44d > .elementor-container > .elementor-column > .elementor-widget-wrap{align-content:flex-start;align-items:flex-start;}.elementor-2077 .elementor-element.elementor-element-1ade44d{transition:background 0.3s, border 0.3s, border-radius 0.3s, box-shadow 0.3s;padding:120px 0px 80px 0px;overflow:visible;}.elementor-2077 .elementor-element.elementor-element-1ade44d > .elementor-background-overlay{transition:background 0.3s, border-radius 0.3s, opacity 0.3s;}.elementor-2077 .elementor-element.elementor-element-7a62e3b > .elementor-element-populated{padding:10px 10px 0px 10px;}.elementor-2077 .elementor-element.elementor-element-6311d00{--wcf-duration:1000ms;--wcf-delay:0ms;--wcf-ease:ease;}.elementor-2077 .elementor-element.elementor-element-6311d00 .elementor-heading-title{font-family:var( --e-global-typography-997f697-font-family ), Sans-serif;font-size:var( --e-global-typography-997f697-font-size );font-weight:var( --e-global-typography-997f697-font-weight );text-transform:var( --e-global-typography-997f697-text-transform );font-style:var( --e-global-typography-997f697-font-style );text-decoration:var( --e-global-typography-997f697-text-decoration );line-height:var( --e-global-typography-997f697-line-height );letter-spacing:var( --e-global-typography-997f697-letter-spacing );word-spacing:var( --e-global-typography-997f697-word-spacing );color:var( --e-global-color-accent );}.elementor-2077 .elementor-element.elementor-element-932b1d1{--wcf-duration:1000ms;--wcf-delay:0ms;--wcf-ease:ease;}.elementor-2077 .elementor-element.elementor-element-932b1d1 .elementor-heading-title{font-family:var( --e-global-typography-secondary-font-family ), Sans-serif;font-size:var( --e-global-typography-secondary-font-size );font-weight:var( --e-global-typography-secondary-font-weight );text-transform:var( --e-global-typography-secondary-text-transform );font-style:var( --e-global-typography-secondary-font-style );text-decoration:var( --e-global-typography-secondary-text-decoration );line-height:var( --e-global-typography-secondary-line-height );color:var( --e-global-color-primary );}.elementor-2077 .elementor-element.elementor-element-932b1d1 > .elementor-widget-container{margin:0px 0px 0px 0px;}.elementor-2077 .elementor-element.elementor-element-981336c{--wcf-duration:1000ms;--wcf-delay:0ms;--wcf-ease:ease;font-family:var( --e-global-typography-text-font-family ), Sans-serif;font-size:var( --e-global-typography-text-font-size );font-weight:var( --e-global-typography-text-font-weight );text-transform:var( --e-global-typography-text-text-transform );font-style:var( --e-global-typography-text-font-style );text-decoration:var( --e-global-typography-text-text-decoration );line-height:var( --e-global-typography-text-line-height );letter-spacing:var( --e-global-typography-text-letter-spacing );color:var( --e-global-color-text );}.elementor-2077 .elementor-element.elementor-element-6e67393 > .elementor-element-populated{margin:0px 0px 0px 40px;--e-column-margin-right:0px;--e-column-margin-left:40px;}.elementor-2077 .elementor-element.elementor-element-3a84d2b .elementor-wrapper{--video-aspect-ratio:1.77777;}.elementor-2077 .elementor-element.elementor-element-3a84d2b > .elementor-widget-container{border-radius:10px 10px 10px 10px;}.elementor-2077 .elementor-element.elementor-element-4373062 > .elementor-container{max-width:1200px;}.elementor-2077 .elementor-element.elementor-element-4373062{margin-top:0px;margin-bottom:50px;overflow:visible;}.elementor-2077 .elementor-element.elementor-element-5a65095{--e-image-carousel-slides-to-show:3;}.elementor-2077 .elementor-element.elementor-element-5a65095 .swiper-pagination-bullet{width:8px;height:8px;background:var( --e-global-color-accent );}.elementor-2077 .elementor-element.elementor-element-5a65095 .swiper-pagination-bullet:not(.swiper-pagination-bullet-active){background:var( --e-global-color-primary );opacity:var( --e-global-color-primary );}:root{--page-title-display:none;}@media(max-width:1024px){.elementor-2077 .elementor-element.elementor-element-c8e5ebd{margin-top:-170px;margin-bottom:0px;padding:170px 10px 70px 10px;}.elementor-2077 .elementor-element.elementor-element-0fb7741 .elementor-heading-title{font-size:var( --e-global-typography-8faade7-font-size );line-height:var( --e-global-typography-8faade7-line-height );letter-spacing:var( --e-global-typography-8faade7-letter-spacing );word-spacing:var( --e-global-typography-8faade7-word-spacing );}.elementor-2077 .elementor-element.elementor-element-1ade44d{padding:60px 20px 60px 20px;}.elementor-2077 .elementor-element.elementor-element-6311d00 .elementor-heading-title{font-size:var( --e-global-typography-997f697-font-size );line-height:var( --e-global-typography-997f697-line-height );letter-spacing:var( --e-global-typography-997f697-letter-spacing );word-spacing:var( --e-global-typography-997f697-word-spacing );}.elementor-2077 .elementor-element.elementor-element-932b1d1 .elementor-heading-title{font-size:var( --e-global-typography-secondary-font-size );line-height:var( --e-global-typography-secondary-line-height );}.elementor-2077 .elementor-element.elementor-element-981336c{font-size:var( --e-global-typography-text-font-size );line-height:var( --e-global-typography-text-line-height );letter-spacing:var( --e-global-typography-text-letter-spacing );}.elementor-2077 .elementor-element.elementor-element-6e67393 > .elementor-element-populated{margin:40px 0px 0px 0px;--e-column-margin-right:0px;--e-column-margin-left:0px;}.elementor-2077 .elementor-element.elementor-element-4373062{padding:0px 10px 0px 10px;}}@media(max-width:767px){.elementor-2077 .elementor-element.elementor-element-c8e5ebd{margin-top:-100px;margin-bottom:0px;padding:100px 10px 50px 10px;}.elementor-2077 .elementor-element.elementor-element-0fb7741 .elementor-heading-title{font-size:var( --e-global-typography-8faade7-font-size );line-height:var( --e-global-typography-8faade7-line-height );letter-spacing:var( --e-global-typography-8faade7-letter-spacing );word-spacing:var( --e-global-typography-8faade7-word-spacing );}.elementor-2077 .elementor-element.elementor-element-1ade44d{padding:40px 20px 20px 20px;}.elementor-2077 .elementor-element.elementor-element-7a62e3b > .elementor-element-populated{padding:0px 0px 0px 0px;}.elementor-2077 .elementor-element.elementor-element-6311d00 .elementor-heading-title{font-size:var( --e-global-typography-997f697-font-size );line-height:var( --e-global-typography-997f697-line-height );letter-spacing:var( --e-global-typography-997f697-letter-spacing );word-spacing:var( --e-global-typography-997f697-word-spacing );}.elementor-2077 .elementor-element.elementor-element-932b1d1 .elementor-heading-title{font-size:var( --e-global-typography-secondary-font-size );line-height:var( --e-global-typography-secondary-line-height );}.elementor-2077 .elementor-element.elementor-element-981336c{font-size:var( --e-global-typography-text-font-size );line-height:var( --e-global-typography-text-line-height );letter-spacing:var( --e-global-typography-text-letter-spacing );}.elementor-2077 .elementor-element.elementor-element-6e67393 > .elementor-element-populated{margin:20px 0px 0px 0px;--e-column-margin-right:0px;--e-column-margin-left:0px;padding:0px 0px 0px 0px;}}@media(min-width:768px){.elementor-2077 .elementor-element.elementor-element-7a62e3b{width:51.583%;}.elementor-2077 .elementor-element.elementor-element-6e67393{width:48.417%;}}@media(max-width:1024px) and (min-width:768px){.elementor-2077 .elementor-element.elementor-element-7a62e3b{width:100%;}.elementor-2077 .elementor-element.elementor-element-6e67393{width:100%;}}<\/style>\t\t<div data-elementor-type=\"wp-page\" data-elementor-id=\"2077\" class=\"elementor elementor-2077\" data-elementor-post-type=\"page\">\n\t\t\t\t\t\t<section class=\"elementor-section elementor-top-section elementor-element elementor-element-c8e5ebd elementor-section-boxed elementor-section-height-default elementor-section-height-default\" data-id=\"c8e5ebd\" data-element_type=\"section\" data-e-type=\"section\" data-settings=\"{&quot;background_background&quot;:&quot;classic&quot;,&quot;ekit_has_onepagescroll_dot&quot;:&quot;yes&quot;}\">\n\t\t\t\t\t\t\t<div class=\"elementor-background-overlay\"><\/div>\n\t\t\t\t\t\t\t<div class=\"elementor-container elementor-column-gap-default\">\n\t\t\t\t\t<div class=\"elementor-column elementor-col-100 elementor-top-column elementor-element elementor-element-cf1fcb1\" data-id=\"cf1fcb1\" data-element_type=\"column\" data-e-type=\"column\">\n\t\t\t<div class=\"elementor-widget-wrap elementor-element-populated\">\n\t\t\t\t\t\t<div class=\"elementor-element elementor-element-0fb7741 wcf-starter-animations-none elementor-widget elementor-widget-heading\" data-id=\"0fb7741\" data-element_type=\"widget\" data-e-type=\"widget\" data-settings=\"{&quot;wcf_starter_animations&quot;:&quot;none&quot;,&quot;wcf_anim_duration&quot;:1000,&quot;wcf_anim_delay&quot;:0,&quot;wcf_anim_ease&quot;:&quot;ease&quot;,&quot;ekit_we_effect_on&quot;:&quot;none&quot;}\" data-widget_type=\"heading.default\">\n\t\t\t\t<div class=\"elementor-widget-container\">\n\t\t\t\t\t<h2 class=\"elementor-heading-title elementor-size-default\">Firme Business Group<\/h2>\t\t\t\t<\/div>\n\t\t\t\t<\/div>\n\t\t\t\t\t<\/div>\n\t\t<\/div>\n\t\t\t\t\t<\/div>\n\t\t<\/section>\n\t\t\t\t<section class=\"elementor-section elementor-top-section elementor-element elementor-element-1ade44d elementor-section-content-top elementor-section-boxed elementor-section-height-default elementor-section-height-default\" data-id=\"1ade44d\" data-element_type=\"section\" data-e-type=\"section\" data-settings=\"{&quot;background_background&quot;:&quot;classic&quot;,&quot;ekit_has_onepagescroll_dot&quot;:&quot;yes&quot;}\">\n\t\t\t\t\t\t<div class=\"elementor-container elementor-column-gap-default\">\n\t\t\t\t\t<div class=\"elementor-column elementor-col-50 elementor-top-column elementor-element elementor-element-7a62e3b\" data-id=\"7a62e3b\" data-element_type=\"column\" data-e-type=\"column\">\n\t\t\t<div class=\"elementor-widget-wrap elementor-element-populated\">\n\t\t\t\t\t\t<div class=\"elementor-element elementor-element-6311d00 wcf-starter-animations-none elementor-invisible elementor-widget elementor-widget-heading\" data-id=\"6311d00\" data-element_type=\"widget\" data-e-type=\"widget\" data-settings=\"{&quot;_animation&quot;:&quot;fadeInLeft&quot;,&quot;wcf_starter_animations&quot;:&quot;none&quot;,&quot;wcf_anim_duration&quot;:1000,&quot;wcf_anim_delay&quot;:0,&quot;wcf_anim_ease&quot;:&quot;ease&quot;,&quot;ekit_we_effect_on&quot;:&quot;none&quot;}\" data-widget_type=\"heading.default\">\n\t\t\t\t<div class=\"elementor-widget-container\">\n\t\t\t\t\t<h5 class=\"elementor-heading-title elementor-size-default\">WHO ARE WE?\n<\/h5>\t\t\t\t<\/div>\n\t\t\t\t<\/div>\n\t\t\t\t<div class=\"elementor-element elementor-element-932b1d1 wcf-starter-animations-none elementor-widget elementor-widget-heading\" data-id=\"932b1d1\" data-element_type=\"widget\" data-e-type=\"widget\" data-settings=\"{&quot;wcf_starter_animations&quot;:&quot;none&quot;,&quot;wcf_anim_duration&quot;:1000,&quot;wcf_anim_delay&quot;:0,&quot;wcf_anim_ease&quot;:&quot;ease&quot;,&quot;ekit_we_effect_on&quot;:&quot;none&quot;}\" data-widget_type=\"heading.default\">\n\t\t\t\t<div class=\"elementor-widget-container\">\n\t\t\t\t\t<h2 class=\"elementor-heading-title elementor-size-default\">More Than 10 Years of Experience\n<\/h2>\t\t\t\t<\/div>\n\t\t\t\t<\/div>\n\t\t\t\t<div class=\"elementor-element elementor-element-981336c wcf-starter-animations-none elementor-invisible elementor-widget elementor-widget-text-editor\" data-id=\"981336c\" data-element_type=\"widget\" data-e-type=\"widget\" data-settings=\"{&quot;_animation_delay&quot;:200,&quot;_animation&quot;:&quot;fadeInRight&quot;,&quot;wcf_starter_animations&quot;:&quot;none&quot;,&quot;wcf_anim_duration&quot;:1000,&quot;wcf_anim_delay&quot;:0,&quot;wcf_anim_ease&quot;:&quot;ease&quot;,&quot;ekit_we_effect_on&quot;:&quot;none&quot;}\" data-widget_type=\"text-editor.default\">\n\t\t\t\t<div class=\"elementor-widget-container\">\n\t\t\t\t\t\t\t\t\t<p>Grupo Empresarial Firme de M\u00e9xico has established itself as a leader in the construction sector, including civil, residential, commercial, and institutional project renovations. Our focus on effective planning and precise execution allows us to manage projects from logistics to cost control with exceptional skill.<\/p><div>\u00a0<\/div>\t\t\t\t\t\t\t\t<\/div>\n\t\t\t\t<\/div>\n\t\t\t\t\t<\/div>\n\t\t<\/div>\n\t\t\t\t<div class=\"elementor-column elementor-col-50 elementor-top-column elementor-element elementor-element-6e67393\" data-id=\"6e67393\" data-element_type=\"column\" data-e-type=\"column\">\n\t\t\t<div class=\"elementor-widget-wrap elementor-element-populated\">\n\t\t\t\t\t\t<div class=\"elementor-element elementor-element-3a84d2b elementor-widget elementor-widget-video\" data-id=\"3a84d2b\" data-element_type=\"widget\" data-e-type=\"widget\" data-settings=\"{&quot;youtube_url&quot;:&quot;https:\\\/\\\/www.youtube.com\\\/watch?v=v2GZR_OrabQ&quot;,&quot;show_image_overlay&quot;:&quot;yes&quot;,&quot;image_overlay&quot;:{&quot;url&quot;:&quot;https:\\\/\\\/laherenciasantacruz.com\\\/wp-content\\\/uploads\\\/2025\\\/11\\\/Grupo-Empresarial-Firme.png&quot;,&quot;id&quot;:4250,&quot;size&quot;:&quot;&quot;,&quot;alt&quot;:&quot;&quot;,&quot;source&quot;:&quot;library&quot;},&quot;lightbox&quot;:&quot;yes&quot;,&quot;video_type&quot;:&quot;youtube&quot;,&quot;controls&quot;:&quot;yes&quot;,&quot;ekit_we_effect_on&quot;:&quot;none&quot;}\" data-widget_type=\"video.default\">\n\t\t\t\t<div class=\"elementor-widget-container\">\n\t\t\t\t\t\t\t<div class=\"elementor-wrapper elementor-open-lightbox\">\n\t\t\t\t\t\t\t<div class=\"elementor-custom-embed-image-overlay\" data-elementor-open-lightbox=\"yes\" data-elementor-lightbox=\"{&quot;type&quot;:&quot;video&quot;,&quot;videoType&quot;:&quot;youtube&quot;,&quot;url&quot;:&quot;https:\\\/\\\/www.youtube.com\\\/embed\\\/v2GZR_OrabQ?feature=oembed&amp;start&amp;end&amp;wmode=opaque&amp;loop=0&amp;controls=1&amp;mute=0&amp;rel=0&amp;cc_load_policy=0&quot;,&quot;autoplay&quot;:&quot;&quot;,&quot;modalOptions&quot;:{&quot;id&quot;:&quot;elementor-lightbox-3a84d2b&quot;,&quot;entranceAnimation&quot;:&quot;&quot;,&quot;entranceAnimation_tablet&quot;:&quot;&quot;,&quot;entranceAnimation_mobile&quot;:&quot;&quot;,&quot;videoAspectRatio&quot;:&quot;169&quot;}}\" data-e-action-hash=\"#elementor-action%3Aaction%3Dlightbox%26settings%3DeyJ0eXBlIjoidmlkZW8iLCJ2aWRlb1R5cGUiOiJ5b3V0dWJlIiwidXJsIjoiaHR0cHM6XC9cL3d3dy55b3V0dWJlLmNvbVwvZW1iZWRcL3YyR1pSX09yYWJRP2ZlYXR1cmU9b2VtYmVkJnN0YXJ0JmVuZCZ3bW9kZT1vcGFxdWUmbG9vcD0wJmNvbnRyb2xzPTEmbXV0ZT0wJnJlbD0wJmNjX2xvYWRfcG9saWN5PTAiLCJhdXRvcGxheSI6IiIsIm1vZGFsT3B0aW9ucyI6eyJpZCI6ImVsZW1lbnRvci1saWdodGJveC0zYTg0ZDJiIiwiZW50cmFuY2VBbmltYXRpb24iOiIiLCJlbnRyYW5jZUFuaW1hdGlvbl90YWJsZXQiOiIiLCJlbnRyYW5jZUFuaW1hdGlvbl9tb2JpbGUiOiIiLCJ2aWRlb0FzcGVjdFJhdGlvIjoiMTY5In19\">\n\t\t\t\t\t\t\t\t\t\t\t<img loading=\"lazy\" decoding=\"async\" width=\"1918\" height=\"1078\" src=\"https:\/\/laherenciasantacruz.com\/wp-content\/uploads\/2025\/11\/Grupo-Empresarial-Firme.png\" class=\"attachment-full size-full wp-image-4250\" alt=\"\" srcset=\"https:\/\/laherenciasantacruz.com\/wp-content\/uploads\/2025\/11\/Grupo-Empresarial-Firme.png 1918w, https:\/\/laherenciasantacruz.com\/wp-content\/uploads\/2025\/11\/Grupo-Empresarial-Firme-300x169.png 300w, https:\/\/laherenciasantacruz.com\/wp-content\/uploads\/2025\/11\/Grupo-Empresarial-Firme-1024x576.png 1024w, https:\/\/laherenciasantacruz.com\/wp-content\/uploads\/2025\/11\/Grupo-Empresarial-Firme-768x432.png 768w, https:\/\/laherenciasantacruz.com\/wp-content\/uploads\/2025\/11\/Grupo-Empresarial-Firme-1536x863.png 1536w, https:\/\/laherenciasantacruz.com\/wp-content\/uploads\/2025\/11\/Grupo-Empresarial-Firme-18x10.png 18w\" sizes=\"auto, (max-width: 1918px) 100vw, 1918px\" \/>\t\t\t\t\t\t\t\t\t\t\t\t\t\t\t\t<div class=\"elementor-custom-embed-play\" role=\"button\" aria-label=\"Reproducir video\" tabindex=\"0\">\n\t\t\t\t\t\t\t<svg aria-hidden=\"true\" class=\"e-font-icon-svg e-eicon-play\" viewbox=\"0 0 1000 1000\" xmlns=\"http:\/\/www.w3.org\/2000\/svg\"><path d=\"M838 162C746 71 633 25 500 25 371 25 258 71 163 162 71 254 25 367 25 500 25 633 71 746 163 837 254 929 367 979 500 979 633 979 746 933 838 837 929 746 975 633 975 500 975 367 929 254 838 162M808 192C892 279 933 379 933 500 933 621 892 725 808 808 725 892 621 938 500 938 379 938 279 896 196 808 113 725 67 621 67 500 67 379 108 279 196 192 279 108 383 62 500 62 621 62 721 108 808 192M438 392V642L642 517 438 392Z\"><\/path><\/svg>\t\t\t\t\t\t<\/div>\n\t\t\t\t\t\t\t\t\t<\/div>\n\t\t\t\t\t<\/div>\n\t\t\t\t\t\t<\/div>\n\t\t\t\t<\/div>\n\t\t\t\t\t<\/div>\n\t\t<\/div>\n\t\t\t\t\t<\/div>\n\t\t<\/section>\n\t\t\t\t<section class=\"elementor-section elementor-top-section elementor-element elementor-element-4373062 elementor-section-boxed elementor-section-height-default elementor-section-height-default\" data-id=\"4373062\" data-element_type=\"section\" data-e-type=\"section\" data-settings=\"{&quot;ekit_has_onepagescroll_dot&quot;:&quot;yes&quot;}\">\n\t\t\t\t\t\t<div class=\"elementor-container elementor-column-gap-default\">\n\t\t\t\t\t<div class=\"elementor-column elementor-col-100 elementor-top-column elementor-element elementor-element-b21b98e\" data-id=\"b21b98e\" data-element_type=\"column\" data-e-type=\"column\">\n\t\t\t<div class=\"elementor-widget-wrap elementor-element-populated\">\n\t\t\t\t\t\t<div class=\"elementor-element elementor-element-5a65095 elementor-pagination-position-outside elementor-widget elementor-widget-image-carousel\" data-id=\"5a65095\" data-element_type=\"widget\" data-e-type=\"widget\" data-settings=\"{&quot;slides_to_show&quot;:&quot;3&quot;,&quot;slides_to_scroll&quot;:&quot;3&quot;,&quot;navigation&quot;:&quot;dots&quot;,&quot;image_spacing_custom&quot;:{&quot;unit&quot;:&quot;px&quot;,&quot;size&quot;:40,&quot;sizes&quot;:[]},&quot;autoplay&quot;:&quot;yes&quot;,&quot;pause_on_hover&quot;:&quot;yes&quot;,&quot;pause_on_interaction&quot;:&quot;yes&quot;,&quot;autoplay_speed&quot;:5000,&quot;infinite&quot;:&quot;yes&quot;,&quot;speed&quot;:500,&quot;image_spacing_custom_tablet&quot;:{&quot;unit&quot;:&quot;px&quot;,&quot;size&quot;:&quot;&quot;,&quot;sizes&quot;:[]},&quot;image_spacing_custom_mobile&quot;:{&quot;unit&quot;:&quot;px&quot;,&quot;size&quot;:&quot;&quot;,&quot;sizes&quot;:[]},&quot;ekit_we_effect_on&quot;:&quot;none&quot;}\" data-widget_type=\"image-carousel.default\">\n\t\t\t\t<div class=\"elementor-widget-container\">\n\t\t\t\t\t\t\t<div class=\"elementor-image-carousel-wrapper swiper\" role=\"region\" aria-roledescription=\"carousel\" aria-label=\"Image Carousel\" dir=\"ltr\">\n\t\t\t<div class=\"elementor-image-carousel swiper-wrapper\" aria-live=\"off\">\n\t\t\t\t\t\t\t\t<div class=\"swiper-slide\" role=\"group\" aria-roledescription=\"slide\" aria-label=\"1 de 5\"><a data-elementor-open-lightbox=\"yes\" data-elementor-lightbox-slideshow=\"5a65095\" data-elementor-lightbox-title=\"Captura-de-pantalla-2022-11-26-023304\" data-e-action-hash=\"#elementor-action%3Aaction%3Dlightbox%26settings%3DeyJpZCI6MjIyMCwidXJsIjoiaHR0cHM6XC9cL2xhaGVyZW5jaWFzYW50YWNydXouY29tXC93cC1jb250ZW50XC91cGxvYWRzXC8yMDI0XC8wOVwvQ2FwdHVyYS1kZS1wYW50YWxsYS0yMDIyLTExLTI2LTAyMzMwNC5wbmciLCJzbGlkZXNob3ciOiI1YTY1MDk1In0%3D\" href=\"https:\/\/laherenciasantacruz.com\/wp-content\/uploads\/2024\/09\/Captura-de-pantalla-2022-11-26-023304.png\"><figure class=\"swiper-slide-inner\"><img decoding=\"async\" class=\"swiper-slide-image\" src=\"https:\/\/laherenciasantacruz.com\/wp-content\/uploads\/elementor\/thumbs\/Captura-de-pantalla-2022-11-26-023304-quqeyo57sz3sfemddhecmmsc1zs9nsct2e9yj3ova0.png\" alt=\"Captura-de-pantalla-2022-11-26-023304\" \/><\/figure><\/a><\/div><div class=\"swiper-slide\" role=\"group\" aria-roledescription=\"slide\" aria-label=\"2 de 5\"><a data-elementor-open-lightbox=\"yes\" data-elementor-lightbox-slideshow=\"5a65095\" data-elementor-lightbox-title=\"DSC_0145-scaled\" data-e-action-hash=\"#elementor-action%3Aaction%3Dlightbox%26settings%3DeyJpZCI6MjIyMSwidXJsIjoiaHR0cHM6XC9cL2xhaGVyZW5jaWFzYW50YWNydXouY29tXC93cC1jb250ZW50XC91cGxvYWRzXC8yMDI0XC8wOVwvRFNDXzAxNDUtc2NhbGVkLTEtc2NhbGVkLmpwZyIsInNsaWRlc2hvdyI6IjVhNjUwOTUifQ%3D%3D\" href=\"https:\/\/laherenciasantacruz.com\/wp-content\/uploads\/2024\/09\/DSC_0145-scaled-1-scaled.jpg\"><figure class=\"swiper-slide-inner\"><img decoding=\"async\" class=\"swiper-slide-image\" src=\"https:\/\/laherenciasantacruz.com\/wp-content\/uploads\/elementor\/thumbs\/DSC_0145-scaled-1-scaled-quqeyuq34tcsooctb28qm34k7ovu5o2xfaucw1f42g.jpg\" alt=\"DSC_0145-scaled\" \/><\/figure><\/a><\/div><div class=\"swiper-slide\" role=\"group\" aria-roledescription=\"slide\" aria-label=\"3 de 5\"><a data-elementor-open-lightbox=\"yes\" data-elementor-lightbox-slideshow=\"5a65095\" data-elementor-lightbox-title=\"fullsizeoutput_41db-scaled\" data-e-action-hash=\"#elementor-action%3Aaction%3Dlightbox%26settings%3DeyJpZCI6MjIyMiwidXJsIjoiaHR0cHM6XC9cL2xhaGVyZW5jaWFzYW50YWNydXouY29tXC93cC1jb250ZW50XC91cGxvYWRzXC8yMDI0XC8wOVwvZnVsbHNpemVvdXRwdXRfNDFkYi1zY2FsZWQtMS1zY2FsZWQuanBnIiwic2xpZGVzaG93IjoiNWE2NTA5NSJ9\" href=\"https:\/\/laherenciasantacruz.com\/wp-content\/uploads\/2024\/09\/fullsizeoutput_41db-scaled-1-scaled.jpg\"><figure class=\"swiper-slide-inner\"><img decoding=\"async\" class=\"swiper-slide-image\" src=\"https:\/\/laherenciasantacruz.com\/wp-content\/uploads\/elementor\/thumbs\/fullsizeoutput_41db-scaled-1-scaled-quqeyyhfw5hxz47cp3v8w26el8db0ghurtgat59jdk.jpg\" alt=\"fullsizeoutput_41db-scaled\" \/><\/figure><\/a><\/div><div class=\"swiper-slide\" role=\"group\" aria-roledescription=\"slide\" aria-label=\"4 de 5\"><a data-elementor-open-lightbox=\"yes\" data-elementor-lightbox-slideshow=\"5a65095\" data-elementor-lightbox-title=\"IMG_2311-scaled\" data-e-action-hash=\"#elementor-action%3Aaction%3Dlightbox%26settings%3DeyJpZCI6MjIyMywidXJsIjoiaHR0cHM6XC9cL2xhaGVyZW5jaWFzYW50YWNydXouY29tXC93cC1jb250ZW50XC91cGxvYWRzXC8yMDI0XC8wOVwvSU1HXzIzMTEtc2NhbGVkLTEtc2NhbGVkLmpwZyIsInNsaWRlc2hvdyI6IjVhNjUwOTUifQ%3D%3D\" href=\"https:\/\/laherenciasantacruz.com\/wp-content\/uploads\/2024\/09\/IMG_2311-scaled-1-scaled.jpg\"><figure class=\"swiper-slide-inner\"><img decoding=\"async\" class=\"swiper-slide-image\" src=\"https:\/\/laherenciasantacruz.com\/wp-content\/uploads\/elementor\/thumbs\/IMG_2311-scaled-1-scaled-quqez1aygnlsxy398n34ljgsddzenjt1s7er8z5cuw.jpg\" alt=\"IMG_2311-scaled\" \/><\/figure><\/a><\/div><div class=\"swiper-slide\" role=\"group\" aria-roledescription=\"slide\" aria-label=\"5 de 5\"><a data-elementor-open-lightbox=\"yes\" data-elementor-lightbox-slideshow=\"5a65095\" data-elementor-lightbox-title=\"DSC_0181-scaled\" data-e-action-hash=\"#elementor-action%3Aaction%3Dlightbox%26settings%3DeyJpZCI6MjIyNCwidXJsIjoiaHR0cHM6XC9cL2xhaGVyZW5jaWFzYW50YWNydXouY29tXC93cC1jb250ZW50XC91cGxvYWRzXC8yMDI0XC8wOVwvRFNDXzAxODEtc2NhbGVkLTEtc2NhbGVkLmpwZyIsInNsaWRlc2hvdyI6IjVhNjUwOTUifQ%3D%3D\" href=\"https:\/\/laherenciasantacruz.com\/wp-content\/uploads\/2024\/09\/DSC_0181-scaled-1-scaled.jpg\"><figure class=\"swiper-slide-inner\"><img decoding=\"async\" class=\"swiper-slide-image\" src=\"https:\/\/laherenciasantacruz.com\/wp-content\/uploads\/elementor\/thumbs\/DSC_0181-scaled-1-scaled-quqezpqrecj9bt3r9xnfedartemy7oi2jkddq654d4.jpg\" alt=\"DSC_0181-scaled\" \/><\/figure><\/a><\/div>\t\t\t<\/div>\n\t\t\t\t\t\t\t\n\t\t\t\t\t\t\t\t\t<div class=\"swiper-pagination\"><\/div>\n\t\t\t\t\t\t\t\t\t<\/div>\n\t\t\t\t\t\t<\/div>\n\t\t\t\t<\/div>\n\t\t\t\t\t<\/div>\n\t\t<\/div>\n\t\t\t\t\t<\/div>\n\t\t<\/section>\n\t\t\t\t<\/div>","protected":false},"excerpt":{"rendered":"<p>Grupo Empresarial Firme \u00bfQUI\u00c9NES SOMOS? m\u00e1s de 10 a\u00f1os de experiencia Grupo Empresarial Firme de M\u00e9xico se ha consolidado como un l\u00edder en el sector de la construcci\u00f3n, supervisi\u00f3n y remodelaci\u00f3n de obras civiles, residenciales, comerciales e institucionales. Nuestro enfoque en la planeaci\u00f3n meticulosa, coordinaci\u00f3n efectiva y ejecuci\u00f3n precisa nos permite manejar proyectos desde la [&hellip;]<\/p>\n","protected":false},"author":1,"featured_media":0,"parent":0,"menu_order":0,"comment_status":"closed","ping_status":"closed","template":"","meta":{"footnotes":""},"class_list":["post-2077","page","type-page","status-publish","hentry"],"_links":{"self":[{"href":"https:\/\/laherenciasantacruz.com\/en\/wp-json\/wp\/v2\/pages\/2077","targetHints":{"allow":["GET"]}}],"collection":[{"href":"https:\/\/laherenciasantacruz.com\/en\/wp-json\/wp\/v2\/pages"}],"about":[{"href":"https:\/\/laherenciasantacruz.com\/en\/wp-json\/wp\/v2\/types\/page"}],"author":[{"embeddable":true,"href":"https:\/\/laherenciasantacruz.com\/en\/wp-json\/wp\/v2\/users\/1"}],"replies":[{"embeddable":true,"href":"https:\/\/laherenciasantacruz.com\/en\/wp-json\/wp\/v2\/comments?post=2077"}],"version-history":[{"count":19,"href":"https:\/\/laherenciasantacruz.com\/en\/wp-json\/wp\/v2\/pages\/2077\/revisions"}],"predecessor-version":[{"id":4253,"href":"https:\/\/laherenciasantacruz.com\/en\/wp-json\/wp\/v2\/pages\/2077\/revisions\/4253"}],"wp:attachment":[{"href":"https:\/\/laherenciasantacruz.com\/en\/wp-json\/wp\/v2\/media?parent=2077"}],"curies":[{"name":"wp","href":"https:\/\/api.w.org\/{rel}","templated":true}]}}